{"id":2431,"date":"2025-07-03T15:49:12","date_gmt":"2025-07-03T13:49:12","guid":{"rendered":"https:\/\/malyoslov.cz\/?page_id=2431"},"modified":"2025-07-03T16:39:37","modified_gmt":"2025-07-03T14:39:37","slug":"o-nas","status":"publish","type":"page","link":"https:\/\/malyoslov.cz\/en\/o-nas\/","title":{"rendered":"O n\u00e1s"},"content":{"rendered":"<div data-elementor-type=\"wp-page\" data-elementor-id=\"2431\" class=\"elementor elementor-2431\" data-elementor-settings=\"[]\">\n\t\t\t\t\t\t<div class=\"elementor-inner\">\n\t\t\t\t\t\t\t<div class=\"elementor-section-wrap\">\n\t\t\t\t\t\t\t<section class=\"elementor-section elementor-top-section elementor-element elementor-element-3c3f908f elementor-section-height-min-height elementor-section-full_width elementor-section-height-default elementor-section-items-middle\" data-id=\"3c3f908f\" data-element_type=\"section\" data-settings=\"{&quot;background_background&quot;:&quot;classic&quot;}\">\n\t\t\t\t\t\t<div class=\"elementor-container elementor-column-gap-default\">\n\t\t\t\t\t\t\t<div class=\"elementor-row\">\n\t\t\t\t\t<div class=\"elementor-column elementor-col-100 elementor-top-column elementor-element elementor-element-dd4f2e6\" data-id=\"dd4f2e6\" data-element_type=\"column\">\n\t\t\t<div class=\"elementor-column-wrap elementor-element-populated\">\n\t\t\t\t\t\t\t<div class=\"elementor-widget-wrap\">\n\t\t\t\t\t\t<div class=\"elementor-element elementor-element-f8cf878 elementor-widget elementor-widget-heading\" data-id=\"f8cf878\" data-element_type=\"widget\" data-widget_type=\"heading.default\">\n\t\t\t\t<div class=\"elementor-widget-container\">\n\t\t\t<h2 class=\"elementor-heading-title elementor-size-default\">O n\u00e1s<\/h2>\t\t<\/div>\n\t\t\t\t<\/div>\n\t\t\t\t<div class=\"elementor-element elementor-element-d783fa3 elementor-widget-divider--view-line elementor-widget elementor-widget-divider\" data-id=\"d783fa3\" data-element_type=\"widget\" data-widget_type=\"divider.default\">\n\t\t\t\t<div class=\"elementor-widget-container\">\n\t\t\t\t\t<div class=\"elementor-divider\">\n\t\t\t<span class=\"elementor-divider-separator\">\n\t\t\t\t\t\t<\/span>\n\t\t<\/div>\n\t\t\t\t<\/div>\n\t\t\t\t<\/div>\n\t\t\t\t\t\t<\/div>\n\t\t\t\t\t<\/div>\n\t\t<\/div>\n\t\t\t\t\t\t\t\t<\/div>\n\t\t\t\t\t<\/div>\n\t\t<\/section>\n\t\t\t\t<section class=\"elementor-section elementor-top-section elementor-element elementor-element-1db15d0 elementor-section-boxed elementor-section-height-default elementor-section-height-default\" data-id=\"1db15d0\" data-element_type=\"section\">\n\t\t\t\t\t\t<div class=\"elementor-container elementor-column-gap-default\">\n\t\t\t\t\t\t\t<div class=\"elementor-row\">\n\t\t\t\t\t<div class=\"elementor-column elementor-col-100 elementor-top-column elementor-element elementor-element-e2b22ff\" data-id=\"e2b22ff\" data-element_type=\"column\">\n\t\t\t<div class=\"elementor-column-wrap elementor-element-populated\">\n\t\t\t\t\t\t\t<div class=\"elementor-widget-wrap\">\n\t\t\t\t\t\t<div class=\"elementor-element elementor-element-ee06614 elementor-widget elementor-widget-text-editor\" data-id=\"ee06614\" data-element_type=\"widget\" data-widget_type=\"text-editor.default\">\n\t\t\t\t<div class=\"elementor-widget-container\">\n\t\t\t\t\t<div class=\"elementor-text-editor elementor-clearfix\"><h2>Tak to jsme my \u2013 Tereza a Peter\u2026 a taky prvn\u00ed svatba na Mal\u00e9m Oslov\u011b \u2764\ufe0f<\/h2><p>Jsme moc vd\u011b\u010dn\u00ed za va\u0161i podporu, p\u0159\u00edze\u0148 a fand\u011bn\u00ed na\u0161emu projektu lesn\u00ed vesni\u010dky. Sn\u00edme o m\u00edst\u011b, kde se lidsk\u00fd estetick\u00fd jemnocit prolne s p\u0159\u00edrodou a vznikne symbi\u00f3za, kter\u00e1 jednou nab\u00eddne jednoduch\u00e9, kr\u00e1sn\u00e9 a skromn\u00e9 bydlen\u00ed v harmonii s okoln\u00ed p\u0159\u00edrodou.<\/p><p>M\u00edst\u011b, kter\u00e9 osv\u011b\u017e\u00ed ka\u017edou m\u011bstem unavenou, po svobod\u011b a jednoduchosti prahnouc\u00ed du\u0161i. M\u00edst\u011b, kde si \u010dlov\u011bk u\u017e po p\u00e1r dnech \u2013 mo\u017en\u00e1 i hodin\u00e1ch \u2013 uv\u011bdom\u00ed, jak m\u00e1lo mu ke \u0161\u0165astn\u00e9mu \u017eivotu sta\u010d\u00ed.<\/p><p>Na\u0161e dome\u010dky jsou skromn\u00e9, ale poskytuj\u00ed velk\u00e9 pohodl\u00ed a prostor pro objevov\u00e1n\u00ed kr\u00e1sn\u011b pojmenovan\u00e9ho \u017eivotn\u00edho stylu \u2013 slowliving. Tento styl pot\u0159ebuje od \u017eivota bl\u00edzkost p\u0159\u00edrody a klid, kter\u00e9 p\u0159in\u00e1\u0161\u00ed harmonick\u00e9 prost\u0159ed\u00ed.<br \/>Nemus\u00edte se ale kv\u016fli tomu jako vlci samot\u00e1\u0159i odst\u011bhovat do osam\u011bl\u00e9 ch\u00fd\u0161e a cel\u00fd den tr\u00e1vit v lotosu. Dlouhodob\u011b je lep\u0161\u00ed \u017e\u00edt s lidmi \u2013 ve skupin\u011b, tlup\u011b, komunit\u011b, velk\u00e9 rodin\u011b.<\/p><p>Nab\u00edz\u00edme v\u00e1m\u2026 zkuste si to. Za\u017eijte to.<br \/>P\u0159esu\u0148te celou svou bublinu do tohoto idealistick\u00e9ho urbanistick\u00e9ho celku a oslavte \u017eivot \ud83d\ude0a<br \/>Uvoln\u011bte se a odpo\u010di\u0148te si.<\/p><p>I takov\u00e1 svatba, teambuilding, narozeniny nebo workshop s t\u011bmi, kter\u00e9 m\u00e1te r\u00e1di, m\u016f\u017ee b\u00fdt p\u0159edev\u0161\u00edm dovolen\u00e1\u2026 pr\u00e1zdniny.<br \/>Zlat\u00fdm h\u0159ebem m\u016f\u017ee b\u00fdt svatebn\u00ed ob\u0159ad, narozeninov\u00fd dort, grilova\u010dka, projekce filmu, p\u0159edn\u00e1\u0161ka \u010di prezentace \u2013 hlavn\u011b \u017e\u00e1dn\u00fd zbyte\u010dn\u00fd stres.<br \/>Sna\u017e\u00edme se, aby tu bylo v\u0161echno \u2013 a vy u\u017e nemus\u00edte nic sh\u00e1n\u011bt ani \u0159e\u0161it.<br \/>Je tu z\u00e1bava, hudba, n\u00e1dob\u00ed, n\u00e1bytek, dekorace, vybaven\u00e1 kuchy\u0148, bar, baz\u00e9n, grily, 150 m\u00b2 bedu\u00ednsk\u00fd stan, vlastn\u00ed letn\u00ed kino, chillterasa s gau\u010di a pol\u0161t\u00e1\u0159i, velk\u00e1 chata s krbem za\u0159\u00edzen\u00e1 jako ob\u0159\u00ed ob\u00fdv\u00e1k s barem a p\u00edpou, pro v\u0161echny kr\u00e1sn\u00e9 bydlen\u00ed v 21 barevn\u00fdch dome\u010dk\u00e1ch, skv\u011bl\u00e9 farm\u00e1\u0159sk\u00e9 lok\u00e1ln\u00ed sn\u00eddan\u011b, les, sk\u00e1la, \u0159eka \u2013 dokonce soutok \u0159ek \ud83e\udd29\u2026 a nekone\u010dno do\u017eluta vylad\u011bn\u00fdch sv\u011bt\u00fdlek \u2728<\/p><p>S cel\u00fdm na\u0161\u00edm t\u00fdmem se na v\u00e1s moc t\u011b\u0161\u00edme! \ud83e\udd17<br \/>Os\u2764\ufe0f<\/p><\/div>\n\t\t\t\t<\/div>\n\t\t\t\t<\/div>\n\t\t\t\t\t\t<\/div>\n\t\t\t\t\t<\/div>\n\t\t<\/div>\n\t\t\t\t\t\t\t\t<\/div>\n\t\t\t\t\t<\/div>\n\t\t<\/section>\n\t\t\t\t\t\t<\/div>\n\t\t\t\t\t\t<\/div>\n\t\t\t\t\t<\/div>","protected":false},"excerpt":{"rendered":"<p>O n\u00e1s Tak to jsme my \u2013 Tereza a Peter\u2026 a taky prvn\u00ed svatba na Mal\u00e9m Oslov\u011b \u2764\ufe0f Jsme moc vd\u011b\u010dn\u00ed za va\u0161i podporu, p\u0159\u00edze\u0148 a fand\u011bn\u00ed na\u0161emu projektu lesn\u00ed vesni\u010dky. Sn\u00edme o m\u00edst\u011b, kde se lidsk\u00fd estetick\u00fd jemnocit prolne s p\u0159\u00edrodou a vznikne symbi\u00f3za, kter\u00e1 jednou nab\u00eddne jednoduch\u00e9, kr\u00e1sn\u00e9 a skromn\u00e9 bydlen\u00ed v harmonii [&hellip;]<\/p>","protected":false},"author":31,"featured_media":2436,"parent":0,"menu_order":0,"comment_status":"closed","ping_status":"closed","template":"elementor_header_footer","meta":{"footnotes":""},"aioseo_notices":[],"_links":{"self":[{"href":"https:\/\/malyoslov.cz\/en\/wp-json\/wp\/v2\/pages\/2431"}],"collection":[{"href":"https:\/\/malyoslov.cz\/en\/wp-json\/wp\/v2\/pages"}],"about":[{"href":"https:\/\/malyoslov.cz\/en\/wp-json\/wp\/v2\/types\/page"}],"author":[{"embeddable":true,"href":"https:\/\/malyoslov.cz\/en\/wp-json\/wp\/v2\/users\/31"}],"replies":[{"embeddable":true,"href":"https:\/\/malyoslov.cz\/en\/wp-json\/wp\/v2\/comments?post=2431"}],"version-history":[{"count":26,"href":"https:\/\/malyoslov.cz\/en\/wp-json\/wp\/v2\/pages\/2431\/revisions"}],"predecessor-version":[{"id":2464,"href":"https:\/\/malyoslov.cz\/en\/wp-json\/wp\/v2\/pages\/2431\/revisions\/2464"}],"wp:featuredmedia":[{"embeddable":true,"href":"https:\/\/malyoslov.cz\/en\/wp-json\/wp\/v2\/media\/2436"}],"wp:attachment":[{"href":"https:\/\/malyoslov.cz\/en\/wp-json\/wp\/v2\/media?parent=2431"}],"curies":[{"name":"wp","href":"https:\/\/api.w.org\/{rel}","templated":true}]}}