{"id":1196,"date":"2021-09-29T00:01:55","date_gmt":"2021-09-28T22:01:55","guid":{"rendered":"https:\/\/malyoslov.cz\/?page_id=1196"},"modified":"2025-11-25T09:19:44","modified_gmt":"2025-11-25T08:19:44","slug":"teambuilding-2","status":"publish","type":"page","link":"https:\/\/malyoslov.cz\/en\/teambuilding-2\/","title":{"rendered":"Teambuilding"},"content":{"rendered":"<div data-elementor-type=\"wp-page\" data-elementor-id=\"1196\" class=\"elementor elementor-1196\" data-elementor-settings=\"[]\">\n\t\t\t\t\t\t<div class=\"elementor-inner\">\n\t\t\t\t\t\t\t<div class=\"elementor-section-wrap\">\n\t\t\t\t\t\t\t<section class=\"elementor-section elementor-top-section elementor-element elementor-element-cc513ce elementor-section-height-min-height elementor-section-boxed elementor-section-height-default elementor-section-items-middle\" data-id=\"cc513ce\" data-element_type=\"section\" data-settings=\"{&quot;background_background&quot;:&quot;classic&quot;}\">\n\t\t\t\t\t\t\t<div class=\"elementor-background-overlay\"><\/div>\n\t\t\t\t\t\t\t<div class=\"elementor-container elementor-column-gap-default\">\n\t\t\t\t\t\t\t<div class=\"elementor-row\">\n\t\t\t\t\t<div class=\"elementor-column elementor-col-100 elementor-top-column elementor-element elementor-element-906df98\" data-id=\"906df98\" data-element_type=\"column\">\n\t\t\t<div class=\"elementor-column-wrap elementor-element-populated\">\n\t\t\t\t\t\t\t<div class=\"elementor-widget-wrap\">\n\t\t\t\t\t\t<div class=\"elementor-element elementor-element-17084b0 elementor-widget elementor-widget-heading\" data-id=\"17084b0\" data-element_type=\"widget\" data-widget_type=\"heading.default\">\n\t\t\t\t<div class=\"elementor-widget-container\">\n\t\t\t<h1 class=\"elementor-heading-title elementor-size-default\">Teambuilding<\/h1>\t\t<\/div>\n\t\t\t\t<\/div>\n\t\t\t\t<div class=\"elementor-element elementor-element-1ee2352 elementor-widget-divider--view-line elementor-widget elementor-widget-divider\" data-id=\"1ee2352\" data-element_type=\"widget\" data-widget_type=\"divider.default\">\n\t\t\t\t<div class=\"elementor-widget-container\">\n\t\t\t\t\t<div class=\"elementor-divider\">\n\t\t\t<span class=\"elementor-divider-separator\">\n\t\t\t\t\t\t<\/span>\n\t\t<\/div>\n\t\t\t\t<\/div>\n\t\t\t\t<\/div>\n\t\t\t\t\t\t<\/div>\n\t\t\t\t\t<\/div>\n\t\t<\/div>\n\t\t\t\t\t\t\t\t<\/div>\n\t\t\t\t\t<\/div>\n\t\t<\/section>\n\t\t\t\t<section class=\"elementor-section elementor-top-section elementor-element elementor-element-61590ed elementor-section-boxed elementor-section-height-default elementor-section-height-default\" data-id=\"61590ed\" data-element_type=\"section\">\n\t\t\t\t\t\t<div class=\"elementor-container elementor-column-gap-default\">\n\t\t\t\t\t\t\t<div class=\"elementor-row\">\n\t\t\t\t\t<div class=\"elementor-column elementor-col-100 elementor-top-column elementor-element elementor-element-2d5f07e\" data-id=\"2d5f07e\" data-element_type=\"column\">\n\t\t\t<div class=\"elementor-column-wrap elementor-element-populated\">\n\t\t\t\t\t\t\t<div class=\"elementor-widget-wrap\">\n\t\t\t\t\t\t<div class=\"elementor-element elementor-element-8216c39 elementor-widget elementor-widget-spacer\" data-id=\"8216c39\" data-element_type=\"widget\" data-widget_type=\"spacer.default\">\n\t\t\t\t<div class=\"elementor-widget-container\">\n\t\t\t\t\t<div class=\"elementor-spacer\">\n\t\t\t<div class=\"elementor-spacer-inner\"><\/div>\n\t\t<\/div>\n\t\t\t\t<\/div>\n\t\t\t\t<\/div>\n\t\t\t\t\t\t<\/div>\n\t\t\t\t\t<\/div>\n\t\t<\/div>\n\t\t\t\t\t\t\t\t<\/div>\n\t\t\t\t\t<\/div>\n\t\t<\/section>\n\t\t\t\t<section class=\"elementor-section elementor-top-section elementor-element elementor-element-361cad7 elementor-section-boxed elementor-section-height-default elementor-section-height-default\" data-id=\"361cad7\" data-element_type=\"section\">\n\t\t\t\t\t\t<div class=\"elementor-container elementor-column-gap-default\">\n\t\t\t\t\t\t\t<div class=\"elementor-row\">\n\t\t\t\t\t<div class=\"elementor-column elementor-col-100 elementor-top-column elementor-element elementor-element-fd67cb8\" data-id=\"fd67cb8\" data-element_type=\"column\">\n\t\t\t<div class=\"elementor-column-wrap elementor-element-populated\">\n\t\t\t\t\t\t\t<div class=\"elementor-widget-wrap\">\n\t\t\t\t\t\t<div class=\"elementor-element elementor-element-3164e34 elementor-widget elementor-widget-text-editor\" data-id=\"3164e34\" data-element_type=\"widget\" data-widget_type=\"text-editor.default\">\n\t\t\t\t<div class=\"elementor-widget-container\">\n\t\t\t\t\t<div class=\"elementor-text-editor elementor-clearfix\"><h2 style=\"text-align: center\" data-elementor-setting-key=\"title\" data-pen-placeholder=\"Pi\u0161te zde...\">Rezervujte si term\u00edn pro sv\u016fj teambuilding v Mal\u00e9m Oslov\u011b!<\/h2><\/div>\n\t\t\t\t<\/div>\n\t\t\t\t<\/div>\n\t\t\t\t\t\t<\/div>\n\t\t\t\t\t<\/div>\n\t\t<\/div>\n\t\t\t\t\t\t\t\t<\/div>\n\t\t\t\t\t<\/div>\n\t\t<\/section>\n\t\t\t\t<section class=\"elementor-section elementor-top-section elementor-element elementor-element-17b8f04 elementor-section-boxed elementor-section-height-default elementor-section-height-default\" data-id=\"17b8f04\" data-element_type=\"section\">\n\t\t\t\t\t\t<div class=\"elementor-container elementor-column-gap-default\">\n\t\t\t\t\t\t\t<div class=\"elementor-row\">\n\t\t\t\t\t<div class=\"elementor-column elementor-col-100 elementor-top-column elementor-element elementor-element-674a328\" data-id=\"674a328\" data-element_type=\"column\">\n\t\t\t<div class=\"elementor-column-wrap elementor-element-populated\">\n\t\t\t\t\t\t\t<div class=\"elementor-widget-wrap\">\n\t\t\t\t\t\t<div class=\"elementor-element elementor-element-d6d3564 elementor-align-center elementor-widget elementor-widget-button\" data-id=\"d6d3564\" data-element_type=\"widget\" data-widget_type=\"button.default\">\n\t\t\t\t<div class=\"elementor-widget-container\">\n\t\t\t\t\t<div class=\"elementor-button-wrapper\">\n\t\t\t<a href=\"https:\/\/www.dropbox.com\/scl\/fi\/q0mm6uzqbw67vuweeowll\/MO_kalendar_leto_2026.xlsx?rlkey=hqg0qui9v1zl6j1fb64g6y5oc&#038;st=tsasm29c&#038;dl=0\" class=\"elementor-button-link elementor-button elementor-size-sm\" role=\"button\">\n\t\t\t\t\t\t<span class=\"elementor-button-content-wrapper\">\n\t\t\t\t\t\t<span class=\"elementor-button-text\">Kalend\u00e1\u0159 voln\u00fdch term\u00edn\u016f 2026<\/span>\n\t\t<\/span>\n\t\t\t\t\t<\/a>\n\t\t<\/div>\n\t\t\t\t<\/div>\n\t\t\t\t<\/div>\n\t\t\t\t<div class=\"elementor-element elementor-element-3635a08 elementor-widget elementor-widget-text-editor\" data-id=\"3635a08\" data-element_type=\"widget\" data-widget_type=\"text-editor.default\">\n\t\t\t\t<div class=\"elementor-widget-container\">\n\t\t\t\t\t<div class=\"elementor-text-editor elementor-clearfix\"><p style=\"text-align: center\"><span style=\"text-align: center\">Pro rezervaci prohl\u00eddky a p\u0159ed-rezervaci term\u00ednu n\u00e1s kontaktujte e-mailem rezervace@malyoslov.cz nebo telefonicky +420 773 678 955<\/span><\/p><\/div>\n\t\t\t\t<\/div>\n\t\t\t\t<\/div>\n\t\t\t\t\t\t<\/div>\n\t\t\t\t\t<\/div>\n\t\t<\/div>\n\t\t\t\t\t\t\t\t<\/div>\n\t\t\t\t\t<\/div>\n\t\t<\/section>\n\t\t\t\t<section class=\"elementor-section elementor-top-section elementor-element elementor-element-6a657d5 elementor-section-boxed elementor-section-height-default elementor-section-height-default\" data-id=\"6a657d5\" data-element_type=\"section\">\n\t\t\t\t\t\t<div class=\"elementor-container elementor-column-gap-default\">\n\t\t\t\t\t\t\t<div class=\"elementor-row\">\n\t\t\t\t\t<div class=\"elementor-column elementor-col-50 elementor-top-column elementor-element elementor-element-25560c7\" data-id=\"25560c7\" data-element_type=\"column\">\n\t\t\t<div class=\"elementor-column-wrap elementor-element-populated\">\n\t\t\t\t\t\t\t<div class=\"elementor-widget-wrap\">\n\t\t\t\t\t\t<div class=\"elementor-element elementor-element-1a3af6d elementor-widget elementor-widget-spacer\" data-id=\"1a3af6d\" data-element_type=\"widget\" data-widget_type=\"spacer.default\">\n\t\t\t\t<div class=\"elementor-widget-container\">\n\t\t\t\t\t<div class=\"elementor-spacer\">\n\t\t\t<div class=\"elementor-spacer-inner\"><\/div>\n\t\t<\/div>\n\t\t\t\t<\/div>\n\t\t\t\t<\/div>\n\t\t\t\t<div class=\"elementor-element elementor-element-397cdfb elementor-widget elementor-widget-heading\" data-id=\"397cdfb\" data-element_type=\"widget\" data-widget_type=\"heading.default\">\n\t\t\t\t<div class=\"elementor-widget-container\">\n\t\t\t<h2 class=\"elementor-heading-title elementor-size-default\">Teambuilding<\/h2>\t\t<\/div>\n\t\t\t\t<\/div>\n\t\t\t\t<div class=\"elementor-element elementor-element-83fd9f6 elementor-widget elementor-widget-spacer\" data-id=\"83fd9f6\" data-element_type=\"widget\" data-widget_type=\"spacer.default\">\n\t\t\t\t<div class=\"elementor-widget-container\">\n\t\t\t\t\t<div class=\"elementor-spacer\">\n\t\t\t<div class=\"elementor-spacer-inner\"><\/div>\n\t\t<\/div>\n\t\t\t\t<\/div>\n\t\t\t\t<\/div>\n\t\t\t\t<div class=\"elementor-element elementor-element-d2cf567 elementor-widget elementor-widget-text-editor\" data-id=\"d2cf567\" data-element_type=\"widget\" data-widget_type=\"text-editor.default\">\n\t\t\t\t<div class=\"elementor-widget-container\">\n\t\t\t\t\t<div class=\"elementor-text-editor elementor-clearfix\"><p style=\"text-align: center\">Pl\u00e1nujete firemn\u00ed akci v dojezdov\u00e9 vzd\u00e1lenosti od Prahy?\u00a0Nemus\u00edte se spokojit s oby\u010dejn\u00fdm ve\u010d\u00edrkem \u2013 zkuste n\u011bco z\u00e1bavn\u00e9ho a ne\u010dekan\u00e9ho!<\/p><p style=\"text-align: center\">Je \u010das pot\u011b\u0161it Va\u0161e zam\u011bstnance a my jsme p\u0159ipraveni pro V\u00e1\u0161 team zajistit nezapomenuteln\u00fd z\u00e1\u017eitek v p\u0159\u00edrod\u011b!<\/p><\/div>\n\t\t\t\t<\/div>\n\t\t\t\t<\/div>\n\t\t\t\t<div class=\"elementor-element elementor-element-e785c5e elementor-align-center elementor-widget elementor-widget-button\" data-id=\"e785c5e\" data-element_type=\"widget\" data-widget_type=\"button.default\">\n\t\t\t\t<div class=\"elementor-widget-container\">\n\t\t\t\t\t<div class=\"elementor-button-wrapper\">\n\t\t\t<a href=\"https:\/\/malyoslov.cz\/en\/kontakt\/\" class=\"elementor-button-link elementor-button elementor-size-sm\" role=\"button\">\n\t\t\t\t\t\t<span class=\"elementor-button-content-wrapper\">\n\t\t\t\t\t\t<span class=\"elementor-button-text\">rezervovat term\u00edn<\/span>\n\t\t<\/span>\n\t\t\t\t\t<\/a>\n\t\t<\/div>\n\t\t\t\t<\/div>\n\t\t\t\t<\/div>\n\t\t\t\t\t\t<\/div>\n\t\t\t\t\t<\/div>\n\t\t<\/div>\n\t\t\t\t<div class=\"elementor-column elementor-col-50 elementor-top-column elementor-element elementor-element-a958540\" data-id=\"a958540\" data-element_type=\"column\">\n\t\t\t<div class=\"elementor-column-wrap elementor-element-populated\">\n\t\t\t\t\t\t\t<div class=\"elementor-widget-wrap\">\n\t\t\t\t\t\t<div class=\"elementor-element elementor-element-eafa80b elementor-skin-slideshow elementor-aspect-ratio-219 elementor-arrows-yes elementor-widget elementor-widget-media-carousel\" data-id=\"eafa80b\" data-element_type=\"widget\" data-settings=\"{&quot;skin&quot;:&quot;slideshow&quot;,&quot;effect&quot;:&quot;slide&quot;,&quot;show_arrows&quot;:&quot;yes&quot;,&quot;speed&quot;:500,&quot;autoplay&quot;:&quot;yes&quot;,&quot;autoplay_speed&quot;:5000,&quot;loop&quot;:&quot;yes&quot;,&quot;pause_on_hover&quot;:&quot;yes&quot;,&quot;pause_on_interaction&quot;:&quot;yes&quot;,&quot;space_between&quot;:{&quot;unit&quot;:&quot;px&quot;,&quot;size&quot;:10,&quot;sizes&quot;:[]},&quot;space_between_tablet&quot;:{&quot;unit&quot;:&quot;px&quot;,&quot;size&quot;:10,&quot;sizes&quot;:[]},&quot;space_between_mobile&quot;:{&quot;unit&quot;:&quot;px&quot;,&quot;size&quot;:10,&quot;sizes&quot;:[]}}\" data-widget_type=\"media-carousel.default\">\n\t\t\t\t<div class=\"elementor-widget-container\">\n\t\t\t\t\t<div class=\"elementor-swiper\">\n\t\t\t<div class=\"elementor-main-swiper swiper-container\">\n\t\t\t\t<div class=\"swiper-wrapper\">\n\t\t\t\t\t\t\t\t\t\t\t<div class=\"swiper-slide\">\n\t\t\t\t\t\t\t\t\t<div class=\"elementor-carousel-image\" style=\"background-image: url(https:\/\/malyoslov.cz\/wp-content\/uploads\/sites\/29\/2023\/08\/1.jpg)\">\n\t\t\t\t\t<\/div>\n\t\t\t\t\t\t\t\t<\/div>\n\t\t\t\t\t\t\t\t\t\t\t<div class=\"swiper-slide\">\n\t\t\t\t\t\t\t\t\t<div class=\"elementor-carousel-image\" style=\"background-image: url(https:\/\/malyoslov.cz\/wp-content\/uploads\/sites\/29\/2024\/05\/Screenshot-2024-05-01-at-17.20.59.png)\">\n\t\t\t\t\t<\/div>\n\t\t\t\t\t\t\t\t<\/div>\n\t\t\t\t\t\t\t\t\t\t\t<div class=\"swiper-slide\">\n\t\t\t\t\t\t\t\t\t<div class=\"elementor-carousel-image\" style=\"background-image: url(https:\/\/malyoslov.cz\/wp-content\/uploads\/sites\/29\/2023\/09\/2022-06-18-Klara-Ondrej-SvatebniI\u0081-0615-scaled.jpg)\">\n\t\t\t\t\t<\/div>\n\t\t\t\t\t\t\t\t<\/div>\n\t\t\t\t\t\t\t\t\t\t\t<div class=\"swiper-slide\">\n\t\t\t\t\t\t\t\t\t<div class=\"elementor-carousel-image\" style=\"background-image: url(https:\/\/malyoslov.cz\/wp-content\/uploads\/sites\/29\/2022\/08\/I8.jpg)\">\n\t\t\t\t\t<\/div>\n\t\t\t\t\t\t\t\t<\/div>\n\t\t\t\t\t\t\t\t\t\t\t<div class=\"swiper-slide\">\n\t\t\t\t\t\t\t\t\t<div class=\"elementor-carousel-image\" style=\"background-image: url(https:\/\/malyoslov.cz\/wp-content\/uploads\/sites\/29\/2023\/08\/312629778_225096036512142_3593297428026262313_n-2.jpg)\">\n\t\t\t\t\t<\/div>\n\t\t\t\t\t\t\t\t<\/div>\n\t\t\t\t\t\t\t\t\t\t\t<div class=\"swiper-slide\">\n\t\t\t\t\t\t\t\t\t<div class=\"elementor-carousel-image\" style=\"background-image: url(https:\/\/malyoslov.cz\/wp-content\/uploads\/sites\/29\/2023\/09\/Chata-pro-2-2.jpg)\">\n\t\t\t\t\t<\/div>\n\t\t\t\t\t\t\t\t<\/div>\n\t\t\t\t\t\t\t\t\t\t\t<div class=\"swiper-slide\">\n\t\t\t\t\t\t\t\t\t<div class=\"elementor-carousel-image\" style=\"background-image: url(https:\/\/malyoslov.cz\/wp-content\/uploads\/sites\/29\/2022\/08\/G1.jpg)\">\n\t\t\t\t\t<\/div>\n\t\t\t\t\t\t\t\t<\/div>\n\t\t\t\t\t\t\t\t\t<\/div>\n\t\t\t\t\t\t\t\t\t\t\t\t\t\t\t\t\t\t\t\t<div class=\"elementor-swiper-button elementor-swiper-button-prev\">\n\t\t\t\t\t\t\t<i class=\"eicon-chevron-left\" aria-hidden=\"true\"><\/i>\n\t\t\t\t\t\t\t<span class=\"elementor-screen-only\">Previous<\/span>\n\t\t\t\t\t\t<\/div>\n\t\t\t\t\t\t<div class=\"elementor-swiper-button elementor-swiper-button-next\">\n\t\t\t\t\t\t\t<i class=\"eicon-chevron-right\" aria-hidden=\"true\"><\/i>\n\t\t\t\t\t\t\t<span class=\"elementor-screen-only\">Next<\/span>\n\t\t\t\t\t\t<\/div>\n\t\t\t\t\t\t\t\t\t\t\t\t<\/div>\n\t\t<\/div>\n\t\t\t\t<div class=\"elementor-swiper\">\n\t\t\t<div class=\"elementor-thumbnails-swiper swiper-container\">\n\t\t\t\t<div class=\"swiper-wrapper\">\n\t\t\t\t\t\t\t\t\t\t\t<div class=\"swiper-slide\">\n\t\t\t\t\t\t\t\t\t<div class=\"elementor-fit-aspect-ratio elementor-carousel-image\" style=\"background-image: url(https:\/\/malyoslov.cz\/wp-content\/uploads\/sites\/29\/2023\/08\/1.jpg)\">\n\t\t\t\t\t<\/div>\n\t\t\t\t\t\t\t\t<\/div>\n\t\t\t\t\t\t\t\t\t\t\t<div class=\"swiper-slide\">\n\t\t\t\t\t\t\t\t\t<div class=\"elementor-fit-aspect-ratio elementor-carousel-image\" style=\"background-image: url(https:\/\/malyoslov.cz\/wp-content\/uploads\/sites\/29\/2024\/05\/Screenshot-2024-05-01-at-17.20.59.png)\">\n\t\t\t\t\t<\/div>\n\t\t\t\t\t\t\t\t<\/div>\n\t\t\t\t\t\t\t\t\t\t\t<div class=\"swiper-slide\">\n\t\t\t\t\t\t\t\t\t<div class=\"elementor-fit-aspect-ratio elementor-carousel-image\" style=\"background-image: url(https:\/\/malyoslov.cz\/wp-content\/uploads\/sites\/29\/2023\/09\/2022-06-18-Klara-Ondrej-SvatebniI\u0081-0615-scaled.jpg)\">\n\t\t\t\t\t<\/div>\n\t\t\t\t\t\t\t\t<\/div>\n\t\t\t\t\t\t\t\t\t\t\t<div class=\"swiper-slide\">\n\t\t\t\t\t\t\t\t\t<div class=\"elementor-fit-aspect-ratio elementor-carousel-image\" style=\"background-image: url(https:\/\/malyoslov.cz\/wp-content\/uploads\/sites\/29\/2022\/08\/I8.jpg)\">\n\t\t\t\t\t<\/div>\n\t\t\t\t\t\t\t\t<\/div>\n\t\t\t\t\t\t\t\t\t\t\t<div class=\"swiper-slide\">\n\t\t\t\t\t\t\t\t\t<div class=\"elementor-fit-aspect-ratio elementor-carousel-image\" style=\"background-image: url(https:\/\/malyoslov.cz\/wp-content\/uploads\/sites\/29\/2023\/08\/312629778_225096036512142_3593297428026262313_n-2.jpg)\">\n\t\t\t\t\t<\/div>\n\t\t\t\t\t\t\t\t<\/div>\n\t\t\t\t\t\t\t\t\t\t\t<div class=\"swiper-slide\">\n\t\t\t\t\t\t\t\t\t<div class=\"elementor-fit-aspect-ratio elementor-carousel-image\" style=\"background-image: url(https:\/\/malyoslov.cz\/wp-content\/uploads\/sites\/29\/2023\/09\/Chata-pro-2-2.jpg)\">\n\t\t\t\t\t<\/div>\n\t\t\t\t\t\t\t\t<\/div>\n\t\t\t\t\t\t\t\t\t\t\t<div class=\"swiper-slide\">\n\t\t\t\t\t\t\t\t\t<div class=\"elementor-fit-aspect-ratio elementor-carousel-image\" style=\"background-image: url(https:\/\/malyoslov.cz\/wp-content\/uploads\/sites\/29\/2022\/08\/G1.jpg)\">\n\t\t\t\t\t<\/div>\n\t\t\t\t\t\t\t\t<\/div>\n\t\t\t\t\t\t\t\t\t<\/div>\n\t\t\t\t\t\t\t\t\t\t\t\t\t\t\t\t\t\t\t\t\t<\/div>\n\t\t<\/div>\n\t\t\t\t<\/div>\n\t\t\t\t<\/div>\n\t\t\t\t\t\t<\/div>\n\t\t\t\t\t<\/div>\n\t\t<\/div>\n\t\t\t\t\t\t\t\t<\/div>\n\t\t\t\t\t<\/div>\n\t\t<\/section>\n\t\t\t\t<section class=\"elementor-section elementor-top-section elementor-element elementor-element-2adc8dd elementor-section-boxed elementor-section-height-default elementor-section-height-default\" data-id=\"2adc8dd\" data-element_type=\"section\">\n\t\t\t\t\t\t<div class=\"elementor-container elementor-column-gap-default\">\n\t\t\t\t\t\t\t<div class=\"elementor-row\">\n\t\t\t\t\t<div class=\"elementor-column elementor-col-100 elementor-top-column elementor-element elementor-element-8acfe6a\" data-id=\"8acfe6a\" data-element_type=\"column\">\n\t\t\t<div class=\"elementor-column-wrap elementor-element-populated\">\n\t\t\t\t\t\t\t<div class=\"elementor-widget-wrap\">\n\t\t\t\t\t\t<div class=\"elementor-element elementor-element-d7eb7ce elementor-widget elementor-widget-text-editor\" data-id=\"d7eb7ce\" data-element_type=\"widget\" data-widget_type=\"text-editor.default\">\n\t\t\t\t<div class=\"elementor-widget-container\">\n\t\t\t\t\t<div class=\"elementor-text-editor elementor-clearfix\"><h3 style=\"text-align: center\">Dejte t\u00fdmu mo\u017enost se sehr\u00e1t<\/h3><p style=\"text-align: center\">\u0158\u00edk\u00e1 se, \u017ee sjednocen\u00fd t\u00fdm p\u0159in\u00e1\u0161\u00ed v\u00fdjime\u010dn\u00e9 v\u00fdsledky. A proto je spr\u00e1vn\u00fd v\u00fdb\u011br m\u00edsta, kde se v\u0161ichni uvoln\u00ed a pobyt si u\u017eij\u00ed, kl\u00ed\u010dem k \u00fasp\u011bchu. Hled\u00e1te m\u00edsto na teambuilding, odkud se v\u00e1m nebude cht\u00edt? U\u017e nemus\u00edte. V\u00edtejte v Mal\u00e9m Oslov\u011b, kde se spojuje klid a p\u0159\u00edroda s perfektn\u00edm vybaven\u00edm a z\u00e1zem\u00edm jako z hotelu.<\/p><p style=\"text-align: center\">M\u00e1me pro v\u00e1s 21 stylov\u00fdch chaloupek se zast\u0159e\u0161enou terasou. Cel\u00e9 vesni\u010dce pak dominuje velk\u00e1 spole\u010densk\u00e1 chata v Southern stylu s profi gastro kuchyn\u00ed, barem s p\u00edpou, velk\u00fdm lounge prostorem s krbem, audio syst\u00e9mem Sonos a zast\u0159e\u0161enou vyh\u0159\u00edvanou terasou. K dispozici je spousta spole\u010densk\u00fdch a deskov\u00fdch her, fotb\u00e1lek, cornhole<\/p><p style=\"text-align: center\">Are\u00e1l se rozprost\u00edr\u00e1 na 25 000 m2 a obklopuje ho p\u0159\u00edjemn\u00e1 zele\u0148 \u2013 louka a les. V doch\u00e1zkov\u00e9 vzd\u00e1lenosti je soutok \u0159eky Lomnice a Otavy. B\u011bhem chladn\u00fdch m\u011bs\u00edc\u016f je mo\u017en\u00e9 do ka\u017ed\u00e9 chatky p\u0159idat p\u0159\u00edmotop, kter\u00fd bohat\u011b posta\u010d\u00ed na vytopen\u00ed cel\u00e9ho interi\u00e9ru. Pronajm\u011bte si cel\u00fd are\u00e1l, kter\u00fd pojme v l\u00e9t\u011b a\u017e 82 osob a v zim\u011b a\u017e 50 osob.<\/p><p style=\"text-align: center\">V ka\u017ed\u00e9 chatce na v\u00e1s \u010dek\u00e1 pohodln\u00e1 matrace, velk\u00e1 man\u017eelsk\u00e1 postel, dv\u011b jednol\u016f\u017eka nebo rozkl\u00e1dac\u00ed seda\u010dka (podle typu chaty), varn\u00e1 konvice, ledni\u010dka, spor\u00e1k, v\u00fdbava na va\u0159en\u00ed a stolov\u00e1n\u00ed, wi-fi, vo\u0148av\u00e9 povle\u010den\u00ed a ru\u010dn\u00edky. Koupelny se nach\u00e1zej\u00ed mimo chatky, jsou uzamykateln\u00e9, vhodn\u00e9 pro 1\u20132 osoby a zaji\u0161\u0165ujeme v nich pravideln\u00fd \u00faklid.<\/p><p>\u00a0<\/p><h3 style=\"text-align: center\">Tipy na teambuilding v\u00a0jak\u00e9mkoli ro\u010dn\u00edm obdob\u00ed<\/h3><p style=\"text-align: center\">Hled\u00e1te n\u00e1pady na teambuildingov\u00e9 hry, kter\u00fdmi zabav\u00edte sebe i kolegy? V\u00a0Mal\u00e9m Oslov\u011b toho m\u016f\u017eete d\u011blat spoustu.<\/p><p style=\"text-align: center\">V\u00a0cen\u011b je zap\u016fj\u010den\u00ed sportovn\u00edch pot\u0159eb na volejbal, badminton, cornhole, paddleboarding, ping-pong, p\u00e9tanque \u010di h\u00e1zen\u00ed frisbee, vyb\u00edrat m\u016f\u017eete i z\u00a0r\u016fzn\u00fdch stoln\u00edch her. V\u00a0multifuk\u010dn\u00edch tiny houses najdete Podcastov\u00e9 studio, Atelier, Shisha-Hut, Mas\u00e9rnu, Posilovnu a Playstation House.<\/p><p style=\"text-align: center\">Vydejte se na krat\u0161\u00ed proch\u00e1zku po okol\u00ed nebo v\u011bt\u0161\u00ed vyj\u00ed\u017e\u010fku na kole k hradu Zv\u00edkov \u010di do Svat\u00e9 Anny. Ve\u010der si u\u017eijte p\u0159\u00edjemnou atmosf\u00e9ru u ohni\u0161t\u011b, na kter\u00e9m si p\u0159iprav\u00edte vynikaj\u00edc\u00ed pe\u010d\u00ednku nebo si ope\u010dte bu\u0159ty.<\/p><p style=\"text-align: center\">V l\u00e9t\u011b \u0159eka vyb\u00edz\u00ed ke kanoistice, veslov\u00e1n\u00ed a dal\u0161\u00edm sport\u016fm. B\u011bhem parn\u00fdch dn\u00ed se osv\u011b\u017ete v\u00a0na\u0161em venkovn\u00edm baz\u00e9nu. Pokud ryba\u0159\u00edte, nezapome\u0148te si s\u00a0sebou vz\u00edt prut. U n\u00e1s se lov\u00ed hlavn\u011b sumci, cejni a kap\u0159i.<\/p><p>\u00a0<\/p><h3 style=\"text-align: center\">V\u00e1no\u010dn\u00ed a silvestrovsk\u00fd ve\u010d\u00edrek ve velk\u00e9m stylu<\/h3><p style=\"text-align: center\">Hled\u00e1te m\u00edsto, kde si s\u00a0kolegy u\u017eijete nezapomenuteln\u00fd v\u00e1no\u010dn\u00ed nebo silvestrovsk\u00fd firemn\u00ed ve\u010d\u00edrek? Ute\u010dte p\u0159ed ka\u017edodenn\u00edmi starostmi a v\u00e1no\u010dn\u00edm ruchem a p\u0159ije\u010fte do Mal\u00e9ho Oslova na\u010derpat s\u00edlu. Nemus\u00edte se o nic starat. Se v\u0161\u00edm v\u00e1m r\u00e1di pom\u016f\u017eeme, a\u0165 u\u017e hled\u00e1te pouze vhodn\u00e9 prostory, kde str\u00e1v\u00edte jeden \u010di v\u00edce dn\u00ed, nebo chcete velkou p\u00e1rty s\u00a0j\u00eddlem, pit\u00edm a p\u0159ipravenou z\u00e1bavou.<\/p><\/div>\n\t\t\t\t<\/div>\n\t\t\t\t<\/div>\n\t\t\t\t\t\t<\/div>\n\t\t\t\t\t<\/div>\n\t\t<\/div>\n\t\t\t\t\t\t\t\t<\/div>\n\t\t\t\t\t<\/div>\n\t\t<\/section>\n\t\t\t\t<section class=\"elementor-section elementor-top-section elementor-element elementor-element-3a9910f elementor-section-boxed elementor-section-height-default elementor-section-height-default\" data-id=\"3a9910f\" data-element_type=\"section\">\n\t\t\t\t\t\t<div class=\"elementor-container elementor-column-gap-default\">\n\t\t\t\t\t\t\t<div class=\"elementor-row\">\n\t\t\t\t\t<div class=\"elementor-column elementor-col-100 elementor-top-column elementor-element elementor-element-319913e\" data-id=\"319913e\" data-element_type=\"column\">\n\t\t\t<div class=\"elementor-column-wrap elementor-element-populated\">\n\t\t\t\t\t\t\t<div class=\"elementor-widget-wrap\">\n\t\t\t\t\t\t<div class=\"elementor-element elementor-element-26bf485 elementor-aspect-ratio-169 elementor-widget elementor-widget-video\" data-id=\"26bf485\" data-element_type=\"widget\" data-settings=\"{&quot;youtube_url&quot;:&quot;https:\\\/\\\/www.youtube.com\\\/watch?v=uUobY2KLX_E&quot;,&quot;video_type&quot;:&quot;youtube&quot;,&quot;controls&quot;:&quot;yes&quot;,&quot;aspect_ratio&quot;:&quot;169&quot;}\" data-widget_type=\"video.default\">\n\t\t\t\t<div class=\"elementor-widget-container\">\n\t\t\t\t\t<div class=\"elementor-wrapper elementor-fit-aspect-ratio elementor-open-inline\">\n\t\t\t<div class=\"elementor-video\"><\/div>\t\t<\/div>\n\t\t\t\t<\/div>\n\t\t\t\t<\/div>\n\t\t\t\t\t\t<\/div>\n\t\t\t\t\t<\/div>\n\t\t<\/div>\n\t\t\t\t\t\t\t\t<\/div>\n\t\t\t\t\t<\/div>\n\t\t<\/section>\n\t\t\t\t\t\t<\/div>\n\t\t\t\t\t\t<\/div>\n\t\t\t\t\t<\/div>","protected":false},"excerpt":{"rendered":"<p>Teambuilding Rezervujte si term\u00edn pro sv\u016fj teambuilding v Mal\u00e9m Oslov\u011b! Kalend\u00e1\u0159 voln\u00fdch term\u00edn\u016f 2026 Pro rezervaci prohl\u00eddky a p\u0159ed-rezervaci term\u00ednu n\u00e1s kontaktujte e-mailem rezervace@malyoslov.cz nebo telefonicky +420 773 678 955 Teambuilding Pl\u00e1nujete firemn\u00ed akci v dojezdov\u00e9 vzd\u00e1lenosti od Prahy?\u00a0Nemus\u00edte se spokojit s oby\u010dejn\u00fdm ve\u010d\u00edrkem \u2013 zkuste n\u011bco z\u00e1bavn\u00e9ho a ne\u010dekan\u00e9ho! Je \u010das pot\u011b\u0161it Va\u0161e zam\u011bstnance [&hellip;]<\/p>","protected":false},"author":31,"featured_media":0,"parent":0,"menu_order":0,"comment_status":"closed","ping_status":"closed","template":"elementor_header_footer","meta":{"footnotes":""},"aioseo_notices":[],"_links":{"self":[{"href":"https:\/\/malyoslov.cz\/en\/wp-json\/wp\/v2\/pages\/1196"}],"collection":[{"href":"https:\/\/malyoslov.cz\/en\/wp-json\/wp\/v2\/pages"}],"about":[{"href":"https:\/\/malyoslov.cz\/en\/wp-json\/wp\/v2\/types\/page"}],"author":[{"embeddable":true,"href":"https:\/\/malyoslov.cz\/en\/wp-json\/wp\/v2\/users\/31"}],"replies":[{"embeddable":true,"href":"https:\/\/malyoslov.cz\/en\/wp-json\/wp\/v2\/comments?post=1196"}],"version-history":[{"count":245,"href":"https:\/\/malyoslov.cz\/en\/wp-json\/wp\/v2\/pages\/1196\/revisions"}],"predecessor-version":[{"id":2494,"href":"https:\/\/malyoslov.cz\/en\/wp-json\/wp\/v2\/pages\/1196\/revisions\/2494"}],"wp:attachment":[{"href":"https:\/\/malyoslov.cz\/en\/wp-json\/wp\/v2\/media?parent=1196"}],"curies":[{"name":"wp","href":"https:\/\/api.w.org\/{rel}","templated":true}]}}