{"id":1184,"date":"2021-09-28T23:56:06","date_gmt":"2021-09-28T21:56:06","guid":{"rendered":"https:\/\/malyoslov.cz\/?page_id=1184"},"modified":"2025-11-25T09:20:57","modified_gmt":"2025-11-25T08:20:57","slug":"oslavy-setkani","status":"publish","type":"page","link":"https:\/\/malyoslov.cz\/en\/oslavy-setkani\/","title":{"rendered":"Oslavy a setk\u00e1n\u00ed"},"content":{"rendered":"<div data-elementor-type=\"wp-page\" data-elementor-id=\"1184\" class=\"elementor elementor-1184\" data-elementor-settings=\"[]\">\n\t\t\t\t\t\t<div class=\"elementor-inner\">\n\t\t\t\t\t\t\t<div class=\"elementor-section-wrap\">\n\t\t\t\t\t\t\t<section class=\"elementor-section elementor-top-section elementor-element elementor-element-cc513ce elementor-section-height-min-height elementor-section-boxed elementor-section-height-default elementor-section-items-middle\" data-id=\"cc513ce\" data-element_type=\"section\" data-settings=\"{&quot;background_background&quot;:&quot;classic&quot;}\">\n\t\t\t\t\t\t\t<div class=\"elementor-background-overlay\"><\/div>\n\t\t\t\t\t\t\t<div class=\"elementor-container elementor-column-gap-default\">\n\t\t\t\t\t\t\t<div class=\"elementor-row\">\n\t\t\t\t\t<div class=\"elementor-column elementor-col-100 elementor-top-column elementor-element elementor-element-906df98\" data-id=\"906df98\" data-element_type=\"column\">\n\t\t\t<div class=\"elementor-column-wrap elementor-element-populated\">\n\t\t\t\t\t\t\t<div class=\"elementor-widget-wrap\">\n\t\t\t\t\t\t<div class=\"elementor-element elementor-element-17084b0 elementor-widget elementor-widget-heading\" data-id=\"17084b0\" data-element_type=\"widget\" data-widget_type=\"heading.default\">\n\t\t\t\t<div class=\"elementor-widget-container\">\n\t\t\t<h1 class=\"elementor-heading-title elementor-size-default\">Oslavy a setk\u00e1n\u00ed<\/h1>\t\t<\/div>\n\t\t\t\t<\/div>\n\t\t\t\t<div class=\"elementor-element elementor-element-1ee2352 elementor-widget-divider--view-line elementor-widget elementor-widget-divider\" data-id=\"1ee2352\" data-element_type=\"widget\" data-widget_type=\"divider.default\">\n\t\t\t\t<div class=\"elementor-widget-container\">\n\t\t\t\t\t<div class=\"elementor-divider\">\n\t\t\t<span class=\"elementor-divider-separator\">\n\t\t\t\t\t\t<\/span>\n\t\t<\/div>\n\t\t\t\t<\/div>\n\t\t\t\t<\/div>\n\t\t\t\t\t\t<\/div>\n\t\t\t\t\t<\/div>\n\t\t<\/div>\n\t\t\t\t\t\t\t\t<\/div>\n\t\t\t\t\t<\/div>\n\t\t<\/section>\n\t\t\t\t<section class=\"elementor-section elementor-top-section elementor-element elementor-element-4a73c16 elementor-section-boxed elementor-section-height-default elementor-section-height-default\" data-id=\"4a73c16\" data-element_type=\"section\">\n\t\t\t\t\t\t<div class=\"elementor-container elementor-column-gap-default\">\n\t\t\t\t\t\t\t<div class=\"elementor-row\">\n\t\t\t\t\t<div class=\"elementor-column elementor-col-100 elementor-top-column elementor-element elementor-element-0a8d714\" data-id=\"0a8d714\" data-element_type=\"column\">\n\t\t\t<div class=\"elementor-column-wrap elementor-element-populated\">\n\t\t\t\t\t\t\t<div class=\"elementor-widget-wrap\">\n\t\t\t\t\t\t<div class=\"elementor-element elementor-element-e445754 elementor-widget elementor-widget-spacer\" data-id=\"e445754\" data-element_type=\"widget\" data-widget_type=\"spacer.default\">\n\t\t\t\t<div class=\"elementor-widget-container\">\n\t\t\t\t\t<div class=\"elementor-spacer\">\n\t\t\t<div class=\"elementor-spacer-inner\"><\/div>\n\t\t<\/div>\n\t\t\t\t<\/div>\n\t\t\t\t<\/div>\n\t\t\t\t\t\t<\/div>\n\t\t\t\t\t<\/div>\n\t\t<\/div>\n\t\t\t\t\t\t\t\t<\/div>\n\t\t\t\t\t<\/div>\n\t\t<\/section>\n\t\t\t\t<section class=\"elementor-section elementor-top-section elementor-element elementor-element-7d42c93 elementor-section-boxed elementor-section-height-default elementor-section-height-default\" data-id=\"7d42c93\" data-element_type=\"section\">\n\t\t\t\t\t\t<div class=\"elementor-container elementor-column-gap-default\">\n\t\t\t\t\t\t\t<div class=\"elementor-row\">\n\t\t\t\t\t<div class=\"elementor-column elementor-col-100 elementor-top-column elementor-element elementor-element-af05153\" data-id=\"af05153\" data-element_type=\"column\">\n\t\t\t<div class=\"elementor-column-wrap elementor-element-populated\">\n\t\t\t\t\t\t\t<div class=\"elementor-widget-wrap\">\n\t\t\t\t\t\t<div class=\"elementor-element elementor-element-3295371 elementor-widget elementor-widget-text-editor\" data-id=\"3295371\" data-element_type=\"widget\" data-widget_type=\"text-editor.default\">\n\t\t\t\t<div class=\"elementor-widget-container\">\n\t\t\t\t\t<div class=\"elementor-text-editor elementor-clearfix\"><h2 class=\"elementor-heading-title elementor-size-default elementor-inline-editing pen\" style=\"text-align: center\" data-elementor-setting-key=\"title\" data-pen-placeholder=\"Pi\u0161te zde...\">Zb\u00fdv\u00e1 n\u00e1m je\u0161t\u011b p\u00e1r voln\u00fdch term\u00ednu na rok 2026!<\/h2><\/div>\n\t\t\t\t<\/div>\n\t\t\t\t<\/div>\n\t\t\t\t\t\t<\/div>\n\t\t\t\t\t<\/div>\n\t\t<\/div>\n\t\t\t\t\t\t\t\t<\/div>\n\t\t\t\t\t<\/div>\n\t\t<\/section>\n\t\t\t\t<section class=\"elementor-section elementor-top-section elementor-element elementor-element-db1abe1 elementor-section-boxed elementor-section-height-default elementor-section-height-default\" data-id=\"db1abe1\" data-element_type=\"section\">\n\t\t\t\t\t\t<div class=\"elementor-container elementor-column-gap-default\">\n\t\t\t\t\t\t\t<div class=\"elementor-row\">\n\t\t\t\t\t<div class=\"elementor-column elementor-col-100 elementor-top-column elementor-element elementor-element-ac6c77b\" data-id=\"ac6c77b\" data-element_type=\"column\">\n\t\t\t<div class=\"elementor-column-wrap elementor-element-populated\">\n\t\t\t\t\t\t\t<div class=\"elementor-widget-wrap\">\n\t\t\t\t\t\t<div class=\"elementor-element elementor-element-b60801d elementor-align-center elementor-widget elementor-widget-button\" data-id=\"b60801d\" data-element_type=\"widget\" data-widget_type=\"button.default\">\n\t\t\t\t<div class=\"elementor-widget-container\">\n\t\t\t\t\t<div class=\"elementor-button-wrapper\">\n\t\t\t<a href=\"https:\/\/www.dropbox.com\/scl\/fi\/q0mm6uzqbw67vuweeowll\/MO_kalendar_leto_2026.xlsx?rlkey=hqg0qui9v1zl6j1fb64g6y5oc&#038;st=tsasm29c&#038;dl=0\" class=\"elementor-button-link elementor-button elementor-size-sm\" role=\"button\">\n\t\t\t\t\t\t<span class=\"elementor-button-content-wrapper\">\n\t\t\t\t\t\t<span class=\"elementor-button-text\">Kalend\u00e1\u0159 voln\u00fdch term\u00edn\u016f 2026<\/span>\n\t\t<\/span>\n\t\t\t\t\t<\/a>\n\t\t<\/div>\n\t\t\t\t<\/div>\n\t\t\t\t<\/div>\n\t\t\t\t<div class=\"elementor-element elementor-element-7c4cd4f elementor-widget elementor-widget-text-editor\" data-id=\"7c4cd4f\" data-element_type=\"widget\" data-widget_type=\"text-editor.default\">\n\t\t\t\t<div class=\"elementor-widget-container\">\n\t\t\t\t\t<div class=\"elementor-text-editor elementor-clearfix\"><p style=\"text-align: center\"><span style=\"text-align: center\">Pro rezervaci prohl\u00eddky a Va\u0161eho vysn\u011bn\u00e9ho data n\u00e1s kontaktujte e-mailem rezervace@malyoslov.cz nebo telefonicky +420 773 678 955<\/span><\/p><\/div>\n\t\t\t\t<\/div>\n\t\t\t\t<\/div>\n\t\t\t\t\t\t<\/div>\n\t\t\t\t\t<\/div>\n\t\t<\/div>\n\t\t\t\t\t\t\t\t<\/div>\n\t\t\t\t\t<\/div>\n\t\t<\/section>\n\t\t\t\t<section class=\"elementor-section elementor-top-section elementor-element elementor-element-4277231 elementor-section-height-min-height elementor-section-items-stretch elementor-section-boxed elementor-section-height-default\" data-id=\"4277231\" data-element_type=\"section\">\n\t\t\t\t\t\t<div class=\"elementor-container elementor-column-gap-default\">\n\t\t\t\t\t\t\t<div class=\"elementor-row\">\n\t\t\t\t\t<div class=\"elementor-column elementor-col-50 elementor-top-column elementor-element elementor-element-9c0afc5 second\" data-id=\"9c0afc5\" data-element_type=\"column\">\n\t\t\t<div class=\"elementor-column-wrap elementor-element-populated\">\n\t\t\t\t\t\t\t<div class=\"elementor-widget-wrap\">\n\t\t\t\t\t\t<div class=\"elementor-element elementor-element-b1014a1 elementor-widget elementor-widget-image\" data-id=\"b1014a1\" data-element_type=\"widget\" data-widget_type=\"image.default\">\n\t\t\t\t<div class=\"elementor-widget-container\">\n\t\t\t\t\t<div class=\"elementor-image\">\n\t\t\t\t\t\t\t\t\t\t<img loading=\"lazy\" width=\"768\" height=\"768\" src=\"https:\/\/malyoslov.cz\/wp-content\/uploads\/sites\/29\/2022\/08\/H10-768x768.jpg\" class=\"attachment-medium_large size-medium_large\" alt=\"\" decoding=\"async\" srcset=\"https:\/\/malyoslov.cz\/wp-content\/uploads\/sites\/29\/2022\/08\/H10-768x768.jpg 768w, https:\/\/malyoslov.cz\/wp-content\/uploads\/sites\/29\/2022\/08\/H10-300x300.jpg 300w, https:\/\/malyoslov.cz\/wp-content\/uploads\/sites\/29\/2022\/08\/H10-1024x1024.jpg 1024w, https:\/\/malyoslov.cz\/wp-content\/uploads\/sites\/29\/2022\/08\/H10-150x150.jpg 150w, https:\/\/malyoslov.cz\/wp-content\/uploads\/sites\/29\/2022\/08\/H10-1536x1536.jpg 1536w, https:\/\/malyoslov.cz\/wp-content\/uploads\/sites\/29\/2022\/08\/H10-12x12.jpg 12w, https:\/\/malyoslov.cz\/wp-content\/uploads\/sites\/29\/2022\/08\/H10.jpg 1977w\" sizes=\"(max-width: 768px) 100vw, 768px\" \/>\t\t\t\t\t\t\t\t\t\t\t<\/div>\n\t\t\t\t<\/div>\n\t\t\t\t<\/div>\n\t\t\t\t\t\t<\/div>\n\t\t\t\t\t<\/div>\n\t\t<\/div>\n\t\t\t\t<div class=\"elementor-column elementor-col-50 elementor-top-column elementor-element elementor-element-09ceb6b\" data-id=\"09ceb6b\" data-element_type=\"column\">\n\t\t\t<div class=\"elementor-column-wrap elementor-element-populated\">\n\t\t\t\t\t\t\t<div class=\"elementor-widget-wrap\">\n\t\t\t\t\t\t<div class=\"elementor-element elementor-element-7e5ed06 elementor-widget elementor-widget-heading\" data-id=\"7e5ed06\" data-element_type=\"widget\" data-widget_type=\"heading.default\">\n\t\t\t\t<div class=\"elementor-widget-container\">\n\t\t\t<h2 class=\"elementor-heading-title elementor-size-default\">Oslavy a setk\u00e1n\u00ed<\/h2>\t\t<\/div>\n\t\t\t\t<\/div>\n\t\t\t\t<div class=\"elementor-element elementor-element-56b8ba4 elementor-widget elementor-widget-text-editor\" data-id=\"56b8ba4\" data-element_type=\"widget\" data-widget_type=\"text-editor.default\">\n\t\t\t\t<div class=\"elementor-widget-container\">\n\t\t\t\t\t<div class=\"elementor-text-editor elementor-clearfix\"><p style=\"font-weight: 400;text-align: center\">Oslavte&nbsp;narozeniny ve velk\u00e9m stylu, dop\u0159ejte sv\u00fdm nejbli\u017e\u0161\u00edm, p\u0159\u00e1tel\u016fm, rodin\u011b, radost ze setk\u00e1n\u00ed v&nbsp;kr\u00e1sn\u00e9 p\u0159\u00edrod\u011b s&nbsp;ve\u0161ker\u00fdm komfortem, kde nikdo nebude muset \u0159e\u0161it odvoz dom\u016f, kde v\u0161ichni maj\u00ed mo\u017enost se kdykoli ulo\u017eit do pohodln\u00e9 postele ve sv\u00e9m dome\u010dku, kde d\u011bti i dosp\u011bl\u00fd maj\u00ed spoustu mo\u017enost\u00ed k z\u00e1bav\u011b, pov\u00edd\u00e1n\u00ed si, i odpo\u010dinku ve spole\u010dn\u00e9m lounge &nbsp;na gau\u010d\u00edch u krbov\u00fdch kamen, na terase na houpac\u00edch k\u0159eslech, u Va\u0161eho baru, nad op\u00e9kaj\u00edc\u00ed se pe\u010d\u00ednkou na ohni, &nbsp;u baz\u00e9nu na dece, nebo v&nbsp;baz\u00e9nu na nafukova\u010dk\u00e1ch, &nbsp;u pingpongu, na h\u0159i\u0161ti p\u0159i badmintonu nebo voleybalu\u2026.. a kde hudba, je v\u00edt\u00e1na.<\/p>\n<p style=\"font-weight: 400;text-align: center\">Druh\u00fd den si zajd\u011bte na proch\u00e1zku na vyhl\u00eddky, na houby nebo na hrad nebo vyzkou\u0161ejte paddleboard na \u0159ece&#8230;<\/p>\n<p><\/p>\n<p style=\"text-align: center\">Zavolejte n\u00e1m na&nbsp;+420 773 678 955 nebo popi\u0161te svoji p\u0159edstavu na&nbsp;<a href=\"https:\/\/mail.google.com\/mail\/u\/0\/h\/kj2d1ym4kyxw\/?&amp;cs=wh&amp;v=b&amp;to=info@malyoslov.cz\">info@malyoslov.cz<\/a>, m\u00e1me zku\u0161enosti a jsme schopni V\u00e1m pobyt u\u0161\u00edt p\u0159\u00edmo na m\u00edru, dle Va\u0161ich p\u0159edstav v\u010detn\u011b stravov\u00e1n\u00ed, rautu i cateringu a v&nbsp;jak\u00e9mkoli ro\u010dn\u00edm obdob\u00ed.<\/p><\/div>\n\t\t\t\t<\/div>\n\t\t\t\t<\/div>\n\t\t\t\t\t\t<\/div>\n\t\t\t\t\t<\/div>\n\t\t<\/div>\n\t\t\t\t\t\t\t\t<\/div>\n\t\t\t\t\t<\/div>\n\t\t<\/section>\n\t\t\t\t\t\t<\/div>\n\t\t\t\t\t\t<\/div>\n\t\t\t\t\t<\/div>","protected":false},"excerpt":{"rendered":"<p>Oslavy a setk\u00e1n\u00ed Zb\u00fdv\u00e1 n\u00e1m je\u0161t\u011b p\u00e1r voln\u00fdch term\u00ednu na rok 2026! Kalend\u00e1\u0159 voln\u00fdch term\u00edn\u016f 2026 Pro rezervaci prohl\u00eddky a Va\u0161eho vysn\u011bn\u00e9ho data n\u00e1s kontaktujte e-mailem rezervace@malyoslov.cz nebo telefonicky +420 773 678 955 Oslavy a setk\u00e1n\u00ed Oslavte&nbsp;narozeniny ve velk\u00e9m stylu, dop\u0159ejte sv\u00fdm nejbli\u017e\u0161\u00edm, p\u0159\u00e1tel\u016fm, rodin\u011b, radost ze setk\u00e1n\u00ed v&nbsp;kr\u00e1sn\u00e9 p\u0159\u00edrod\u011b s&nbsp;ve\u0161ker\u00fdm komfortem, kde nikdo nebude [&hellip;]<\/p>","protected":false},"author":31,"featured_media":0,"parent":0,"menu_order":0,"comment_status":"closed","ping_status":"closed","template":"elementor_header_footer","meta":{"footnotes":""},"aioseo_notices":[],"_links":{"self":[{"href":"https:\/\/malyoslov.cz\/en\/wp-json\/wp\/v2\/pages\/1184"}],"collection":[{"href":"https:\/\/malyoslov.cz\/en\/wp-json\/wp\/v2\/pages"}],"about":[{"href":"https:\/\/malyoslov.cz\/en\/wp-json\/wp\/v2\/types\/page"}],"author":[{"embeddable":true,"href":"https:\/\/malyoslov.cz\/en\/wp-json\/wp\/v2\/users\/31"}],"replies":[{"embeddable":true,"href":"https:\/\/malyoslov.cz\/en\/wp-json\/wp\/v2\/comments?post=1184"}],"version-history":[{"count":55,"href":"https:\/\/malyoslov.cz\/en\/wp-json\/wp\/v2\/pages\/1184\/revisions"}],"predecessor-version":[{"id":2497,"href":"https:\/\/malyoslov.cz\/en\/wp-json\/wp\/v2\/pages\/1184\/revisions\/2497"}],"wp:attachment":[{"href":"https:\/\/malyoslov.cz\/en\/wp-json\/wp\/v2\/media?parent=1184"}],"curies":[{"name":"wp","href":"https:\/\/api.w.org\/{rel}","templated":true}]}}